{"id":173,"date":"2020-07-07T11:36:13","date_gmt":"2020-07-07T11:36:13","guid":{"rendered":"http:\/\/bloudek.si\/?page_id=173"},"modified":"2020-07-08T09:08:44","modified_gmt":"2020-07-08T09:08:44","slug":"vprasaj-24","status":"publish","type":"page","link":"https:\/\/bloudek.si\/hr\/vprasaj-24\/","title":{"rendered":"Vpra\u0161aj 24"},"content":{"rendered":"<div class=\"wpb-content-wrapper\"><div class=\"vc_row wpb_row vc_row-fluid\"><div class=\"wpb_column vc_column_container vc_col-sm-12\"><div class=\"vc_column-inner\"><div class=\"wpb_wrapper\"><div class=\"vc_empty_space\"   style=\"height: 5px\"><span class=\"vc_empty_space_inner\"><\/span><\/div><\/div><\/div><\/div><\/div><div class=\"vc_row wpb_row vc_row-fluid\"><div class=\"wpb_column vc_column_container vc_col-sm-12 vc_col-has-fill\"><div class=\"vc_column-inner vc_custom_1594127668612\"><div class=\"wpb_wrapper\">\n\t<div class=\"wpb_text_column wpb_content_element\" >\n\t\t<div class=\"wpb_wrapper\">\n\t\t\t<h2 style=\"padding-left: 80px;\">Ker se zavedamo, da se problem ve\u010dkrat pojavi takrat, ko odvetnik ni dosegljiv,<\/h2>\n<p>&nbsp;<\/p>\n<p>vam omogo\u010damo, da z nami delite va\u0161 primer takoj in v zvezi s tem po\u0161ljete vpra\u0161anje. Izpolnite spodnji kontaktni obrazec, na kratko obrazlo\u017eite primer, postavite vpra\u0161anje in potrudili se bomo nanj odgovoriti v \u010dimkraj\u0161em mo\u017enem \u010dasu.<\/p>\n\n\t\t<\/div>\n\t<\/div>\n<\/div><\/div><\/div><\/div><div class=\"vc_row wpb_row vc_row-fluid\"><div class=\"wpb_column vc_column_container vc_col-sm-12\"><div class=\"vc_column-inner\"><div class=\"wpb_wrapper\">\n\t<div class=\"wpb_text_column wpb_content_element\" >\n\t\t<div class=\"wpb_wrapper\">\n\t\t\t<p><strong>Prosimo upo\u0161tevajte<\/strong> \u2013 ta brezpla\u010dna mo\u017enost ne vklju\u010duje razlage prava, predlaganih strategij ali pravnega svetovanja. V primeru, da gre za obse\u017enej\u0161a vpra\u0161anja, ki zahtevajo celostno obravnavo, vas bomo obvestili o prostem terminu za posvet z odvetnikom.<\/p>\n<div class=\"TnITTtw-translate-selection-button\" style=\"top: 44px; left: 62.5px;\"><\/div>\n\n\t\t<\/div>\n\t<\/div>\n<\/div><\/div><\/div><\/div><div class=\"vc_row wpb_row vc_row-fluid\"><div class=\"wpb_column vc_column_container vc_col-sm-12\"><div class=\"vc_column-inner\"><div class=\"wpb_wrapper\"><div class=\"vc_empty_space\"   style=\"height: 5px\"><span class=\"vc_empty_space_inner\"><\/span><\/div><\/div><\/div><\/div><\/div><div class=\"vc_row wpb_row vc_row-fluid\"><div class=\"wpb_column vc_column_container vc_col-sm-12 vc_col-has-fill\"><div class=\"vc_column-inner vc_custom_1594199276916\"><div class=\"wpb_wrapper\">\n\t<div class=\"wpb_text_column wpb_content_element\" >\n\t\t<div class=\"wpb_wrapper\">\n\t\t\t<h2 style=\"padding-left: 80px;\">Po\u0161ljete vpra\u0161anje<\/h2>\n\n\t\t<\/div>\n\t<\/div>\n<\/div><\/div><\/div><\/div><div class=\"vc_row wpb_row vc_row-fluid\"><div class=\"wpb_column vc_column_container vc_col-sm-2\"><div class=\"vc_column-inner\"><div class=\"wpb_wrapper\"><\/div><\/div><\/div><div class=\"wpb_column vc_column_container vc_col-sm-8\"><div class=\"vc_column-inner\"><div class=\"wpb_wrapper\">\n<div class=\"wpcf7 no-js\" id=\"wpcf7-f6-o1\" lang=\"en-US\" dir=\"ltr\">\n<div class=\"screen-reader-response\"><p role=\"status\" aria-live=\"polite\" aria-atomic=\"true\"><\/p> <ul><\/ul><\/div>\n<form action=\"\/hr\/wp-json\/wp\/v2\/pages\/173#wpcf7-f6-o1\" method=\"post\" class=\"wpcf7-form init\" aria-label=\"Contact form\" novalidate=\"novalidate\" data-status=\"init\" data-trp-original-action=\"\/hr\/wp-json\/wp\/v2\/pages\/173#wpcf7-f6-o1\">\n<div style=\"display: none;\">\n<input type=\"hidden\" name=\"_wpcf7\" value=\"6\" \/>\n<input type=\"hidden\" name=\"_wpcf7_version\" value=\"5.9.8\" \/>\n<input type=\"hidden\" name=\"_wpcf7_locale\" value=\"en_US\" \/>\n<input type=\"hidden\" name=\"_wpcf7_unit_tag\" value=\"wpcf7-f6-o1\" \/>\n<input type=\"hidden\" name=\"_wpcf7_container_post\" value=\"0\" \/>\n<input type=\"hidden\" name=\"_wpcf7_posted_data_hash\" value=\"\" \/>\n<\/div>\n<div class=\"column one-second\">\n\t<p><span class=\"wpcf7-form-control-wrap\" data-name=\"Vaeime\"><input size=\"40\" maxlength=\"400\" class=\"wpcf7-form-control wpcf7-text wpcf7-validates-as-required\" aria-required=\"true\" aria-invalid=\"false\" placeholder=\"Va\u0161e ime\" value=\"\" type=\"text\" name=\"Vaeime\" \/><\/span>\n\t<\/p>\n<\/div>\n<div class=\"column one-second\">\n\t<p><span class=\"wpcf7-form-control-wrap\" data-name=\"Vapriimek\"><input size=\"40\" maxlength=\"400\" class=\"wpcf7-form-control wpcf7-text\" aria-invalid=\"false\" placeholder=\"Va\u0161 priimek\" value=\"\" type=\"text\" name=\"Vapriimek\" \/><\/span>\n\t<\/p>\n<\/div>\n<div class=\"column one-second\">\n\t<p><span class=\"wpcf7-form-control-wrap\" data-name=\"Vae-mail\"><input size=\"40\" maxlength=\"400\" class=\"wpcf7-form-control wpcf7-text\" aria-invalid=\"false\" placeholder=\"Va\u0161 e-mail\" value=\"\" type=\"text\" name=\"Vae-mail\" \/><\/span>\n\t<\/p>\n<\/div>\n<div class=\"column one-second\">\n\t<p><span class=\"wpcf7-form-control-wrap\" data-name=\"Telefon\"><input size=\"40\" maxlength=\"400\" class=\"wpcf7-form-control wpcf7-tel wpcf7-text wpcf7-validates-as-tel\" aria-invalid=\"false\" placeholder=\"Telefon\" value=\"\" type=\"tel\" name=\"Telefon\" \/><\/span>\n\t<\/p>\n<\/div>\n<div class=\"column one\">\n\t<p><span class=\"wpcf7-form-control-wrap\" data-name=\"Naslov\"><input size=\"40\" maxlength=\"400\" class=\"wpcf7-form-control wpcf7-text\" aria-invalid=\"false\" placeholder=\"Naslov\" value=\"\" type=\"text\" name=\"Naslov\" \/><\/span>\n\t<\/p>\n<\/div>\n<div class=\"column one-second\">\n\t<p><span class=\"wpcf7-form-control-wrap\" data-name=\"Ulica\"><input size=\"40\" maxlength=\"400\" class=\"wpcf7-form-control wpcf7-text\" aria-invalid=\"false\" placeholder=\"Ulica\" value=\"\" type=\"text\" name=\"Ulica\" \/><\/span>\n\t<\/p>\n<\/div>\n<div class=\"column one-second\">\n\t<p><span class=\"wpcf7-form-control-wrap\" data-name=\"Primer\"><input size=\"40\" maxlength=\"400\" class=\"wpcf7-form-control wpcf7-text\" aria-invalid=\"false\" placeholder=\"Primer\" value=\"\" type=\"text\" name=\"Primer\" \/><\/span>\n\t<\/p>\n<\/div>\n<div class=\"column one-third\">\n\t<p><span class=\"wpcf7-form-control-wrap\" data-name=\"checkbox-724\"><span class=\"wpcf7-form-control wpcf7-checkbox\"><span class=\"wpcf7-list-item first last\"><input type=\"checkbox\" name=\"checkbox-724[]\" value=\"Gospodarsko pravo\" \/><span class=\"wpcf7-list-item-label\">Gospodarsko pravo<\/span><\/span><\/span><\/span><span class=\"wpcf7-form-control-wrap\" data-name=\"checkbox-724\"><span class=\"wpcf7-form-control wpcf7-checkbox\"><span class=\"wpcf7-list-item first last\"><input type=\"checkbox\" name=\"checkbox-724[]\" value=\"Dru\u017einsko pravo\" \/><span class=\"wpcf7-list-item-label\">Dru\u017einsko pravo<\/span><\/span><\/span><\/span><span class=\"wpcf7-form-control-wrap\" data-name=\"checkbox-579\"><span class=\"wpcf7-form-control wpcf7-checkbox\"><span class=\"wpcf7-list-item first last\"><input type=\"checkbox\" name=\"checkbox-579[]\" value=\"Upravno pravo\" \/><span class=\"wpcf7-list-item-label\">Upravno pravo<\/span><\/span><\/span><\/span>\n\t<\/p>\n<\/div>\n<div class=\"column one-third\">\n\t<p><span class=\"wpcf7-form-control-wrap\" data-name=\"checkbox-553\"><span class=\"wpcf7-form-control wpcf7-checkbox\"><span class=\"wpcf7-list-item first last\"><input type=\"checkbox\" name=\"checkbox-553[]\" value=\"Civilno pravo\" \/><span class=\"wpcf7-list-item-label\">Civilno pravo<\/span><\/span><\/span><\/span><span class=\"wpcf7-form-control-wrap\" data-name=\"checkbox-517\"><span class=\"wpcf7-form-control wpcf7-checkbox\"><span class=\"wpcf7-list-item first last\"><input type=\"checkbox\" name=\"checkbox-517[]\" value=\"Delovno pravo\" \/><span class=\"wpcf7-list-item-label\">Delovno pravo<\/span><\/span><\/span><\/span><span class=\"wpcf7-form-control-wrap\" data-name=\"checkbox-517\"><span class=\"wpcf7-form-control wpcf7-checkbox\"><span class=\"wpcf7-list-item first last\"><input type=\"checkbox\" name=\"checkbox-517[]\" value=\"Pravo prekr\u0161kov\" \/><span class=\"wpcf7-list-item-label\">Pravo prekr\u0161kov<\/span><\/span><\/span><\/span>\n\t<\/p>\n<\/div>\n<div class=\"column one-third\">\n\t<p><span class=\"wpcf7-form-control-wrap\" data-name=\"checkbox-54\"><span class=\"wpcf7-form-control wpcf7-checkbox\"><span class=\"wpcf7-list-item first last\"><input type=\"checkbox\" name=\"checkbox-54[]\" value=\"Od\u0161kodninsko pravo\" \/><span class=\"wpcf7-list-item-label\">Od\u0161kodninsko pravo<\/span><\/span><\/span><\/span><span class=\"wpcf7-form-control-wrap\" data-name=\"checkbox-54\"><span class=\"wpcf7-form-control wpcf7-checkbox\"><span class=\"wpcf7-list-item first last\"><input type=\"checkbox\" name=\"checkbox-54[]\" value=\"Kazensko pravo\" \/><span class=\"wpcf7-list-item-label\">Kazensko pravo<\/span><\/span><\/span><\/span><span class=\"wpcf7-form-control-wrap\" data-name=\"checkbox-54\"><span class=\"wpcf7-form-control wpcf7-checkbox\"><span class=\"wpcf7-list-item first last\"><input type=\"checkbox\" name=\"checkbox-54[]\" value=\"Ustavno pravo\" \/><span class=\"wpcf7-list-item-label\">Ustavno pravo<\/span><\/span><\/span><\/span>\n\t<\/p>\n<\/div>\n<div class=\"column one\">\n\t<p><span class=\"wpcf7-form-control-wrap\" data-name=\"your-message\"><textarea cols=\"40\" rows=\"8\" maxlength=\"2000\" class=\"wpcf7-form-control wpcf7-textarea\" aria-invalid=\"false\" placeholder=\"Opis primera\" name=\"your-message\"><\/textarea><\/span>\n\t<\/p>\n<\/div>\n<div class=\"column one\">\n\t<p><input class=\"wpcf7-form-control wpcf7-submit has-spinner\" type=\"submit\" value=\"Po\u0161lji sporo\u010dilo\" \/>\n\t<\/p>\n<\/div><div class=\"wpcf7-response-output\" aria-hidden=\"true\"><\/div>\n<input type=\"hidden\" name=\"trp-form-language\" value=\"hr\"\/><\/form>\n<\/div>\n<\/div><\/div><\/div><div class=\"wpb_column vc_column_container vc_col-sm-2\"><div class=\"vc_column-inner\"><div class=\"wpb_wrapper\"><\/div><\/div><\/div><\/div>\n<\/div>","protected":false},"excerpt":{"rendered":"Ker se zavedamo, da se problem ve\u010dkrat pojavi takrat, ko odvetnik ni dosegljiv, &nbsp; vam omogo\u010damo, da z nami delite va\u0161 primer takoj in v zvezi<span class=\"excerpt-hellip\"> [\u2026]<\/span>","protected":false},"author":1,"featured_media":0,"parent":0,"menu_order":0,"comment_status":"closed","ping_status":"closed","template":"","meta":{"footnotes":""},"class_list":["post-173","page","type-page","status-publish","hentry"],"_links":{"self":[{"href":"https:\/\/bloudek.si\/hr\/wp-json\/wp\/v2\/pages\/173"}],"collection":[{"href":"https:\/\/bloudek.si\/hr\/wp-json\/wp\/v2\/pages"}],"about":[{"href":"https:\/\/bloudek.si\/hr\/wp-json\/wp\/v2\/types\/page"}],"author":[{"embeddable":true,"href":"https:\/\/bloudek.si\/hr\/wp-json\/wp\/v2\/users\/1"}],"replies":[{"embeddable":true,"href":"https:\/\/bloudek.si\/hr\/wp-json\/wp\/v2\/comments?post=173"}],"version-history":[{"count":9,"href":"https:\/\/bloudek.si\/hr\/wp-json\/wp\/v2\/pages\/173\/revisions"}],"predecessor-version":[{"id":190,"href":"https:\/\/bloudek.si\/hr\/wp-json\/wp\/v2\/pages\/173\/revisions\/190"}],"wp:attachment":[{"href":"https:\/\/bloudek.si\/hr\/wp-json\/wp\/v2\/media?parent=173"}],"curies":[{"name":"wp","href":"https:\/\/api.w.org\/{rel}","templated":true}]}}