{"id":201,"date":"2020-07-14T12:11:16","date_gmt":"2020-07-14T12:11:16","guid":{"rendered":"http:\/\/bloudek.si\/?page_id=201"},"modified":"2020-12-28T10:08:31","modified_gmt":"2020-12-28T10:08:31","slug":"dokumenti","status":"publish","type":"page","link":"https:\/\/bloudek.si\/hr\/dokumenti\/","title":{"rendered":"Dokumenti"},"content":{"rendered":"<div class=\"wpb-content-wrapper\"><div class=\"vc_row wpb_row vc_row-fluid\"><div class=\"wpb_column vc_column_container vc_col-sm-12\"><div class=\"vc_column-inner\"><div class=\"wpb_wrapper\"><div class=\"vc_empty_space\"   style=\"height: 32px\"><span class=\"vc_empty_space_inner\"><\/span><\/div><\/div><\/div><\/div><\/div><div class=\"vc_row wpb_row vc_row-fluid\"><div class=\"wpb_column vc_column_container vc_col-sm-12 vc_col-has-fill\"><div class=\"vc_column-inner vc_custom_1594109598658\"><div class=\"wpb_wrapper\">\n\t<div class=\"wpb_text_column wpb_content_element\" >\n\t\t<div class=\"wpb_wrapper\">\n\t\t\t<h1 style=\"padding-left: 80px;\">Dokumenti<\/h1>\n\n\t\t<\/div>\n\t<\/div>\n<div class=\"vc_empty_space\"   style=\"height: 32px\"><span class=\"vc_empty_space_inner\"><\/span><\/div><\/div><\/div><\/div><\/div><div class=\"vc_row wpb_row vc_row-fluid\"><div class=\"wpb_column vc_column_container vc_col-sm-12\"><div class=\"vc_column-inner\"><div class=\"wpb_wrapper\"><div class=\"icon_box icon_position_top no_border\"><a class=\"\" href=\"http:\/\/bloudek.si\/wp-content\/uploads\/2020\/07\/Pro\u0161nja-za-dodelitev-brezpla\u010dne-pravne-pomo\u010di.pdf\" target=\"_blank\"  title=\"\"><div class=\"image_wrapper\"><img decoding=\"async\" class=\"scale-with-grid\" src=\"https:\/\/bloudek.si\/wp-content\/uploads\/2016\/08\/home_lawyer2_pdf.png\" alt=\"home_lawyer2_pdf\" width=\"90\" height=\"86\"\/><\/div><div class=\"desc_wrapper\"><h4 class=\"title\">Pro\u0161nja za dodelitev brezpla\u010dne pravne pomo\u010di<\/h4><div class=\"desc\">Nalo\u017ei pdf dokument<\/div><\/div><\/a><\/div>\n<div class=\"vc_separator wpb_content_element vc_separator_align_center vc_sep_width_40 vc_sep_pos_align_center vc_separator_no_text vc_sep_color_grey wpb_content_element  wpb_content_element\" ><span class=\"vc_sep_holder vc_sep_holder_l\"><span class=\"vc_sep_line\"><\/span><\/span><span class=\"vc_sep_holder vc_sep_holder_r\"><span class=\"vc_sep_line\"><\/span><\/span>\n<\/div><div class=\"vc_separator wpb_content_element vc_separator_align_center vc_sep_width_40 vc_sep_pos_align_center vc_separator_no_text vc_sep_color_grey wpb_content_element  wpb_content_element\" ><span class=\"vc_sep_holder vc_sep_holder_l\"><span class=\"vc_sep_line\"><\/span><\/span><span class=\"vc_sep_holder vc_sep_holder_r\"><span class=\"vc_sep_line\"><\/span><\/span>\n<\/div><div class=\"icon_box icon_position_top no_border\"><a class=\"\" href=\"http:\/\/bloudek.si\/wp-content\/uploads\/2020\/07\/Izjava-o-premo\u017eenjskem-stanju.pdf\" target=\"_blank\"  title=\"\"><div class=\"image_wrapper\"><img decoding=\"async\" class=\"scale-with-grid\" src=\"https:\/\/bloudek.si\/wp-content\/uploads\/2016\/08\/home_lawyer2_pdf.png\" alt=\"home_lawyer2_pdf\" width=\"90\" height=\"86\"\/><\/div><div class=\"desc_wrapper\"><h4 class=\"title\">Izjava o premo\u017eenskem stanju<\/h4><div class=\"desc\">Nalo\u017ei pdf dokument<\/div><\/div><\/a><\/div>\n<\/div><\/div><\/div><\/div><div class=\"vc_row wpb_row vc_row-fluid\"><div class=\"wpb_column vc_column_container vc_col-sm-12\"><div class=\"vc_column-inner\"><div class=\"wpb_wrapper\"><\/div><\/div><\/div><\/div>\n<\/div>","protected":false},"excerpt":{"rendered":"Dokumenti Pro\u0161nja za dodelitev brezpla\u010dne pravne pomo\u010diNalo\u017ei pdf dokument Izjava o premo\u017eenskem stanjuNalo\u017ei pdf dokument","protected":false},"author":1,"featured_media":68,"parent":0,"menu_order":0,"comment_status":"closed","ping_status":"closed","template":"","meta":{"footnotes":""},"class_list":["post-201","page","type-page","status-publish","has-post-thumbnail","hentry"],"_links":{"self":[{"href":"https:\/\/bloudek.si\/hr\/wp-json\/wp\/v2\/pages\/201"}],"collection":[{"href":"https:\/\/bloudek.si\/hr\/wp-json\/wp\/v2\/pages"}],"about":[{"href":"https:\/\/bloudek.si\/hr\/wp-json\/wp\/v2\/types\/page"}],"author":[{"embeddable":true,"href":"https:\/\/bloudek.si\/hr\/wp-json\/wp\/v2\/users\/1"}],"replies":[{"embeddable":true,"href":"https:\/\/bloudek.si\/hr\/wp-json\/wp\/v2\/comments?post=201"}],"version-history":[{"count":5,"href":"https:\/\/bloudek.si\/hr\/wp-json\/wp\/v2\/pages\/201\/revisions"}],"predecessor-version":[{"id":221,"href":"https:\/\/bloudek.si\/hr\/wp-json\/wp\/v2\/pages\/201\/revisions\/221"}],"wp:featuredmedia":[{"embeddable":true,"href":"https:\/\/bloudek.si\/hr\/wp-json\/wp\/v2\/media\/68"}],"wp:attachment":[{"href":"https:\/\/bloudek.si\/hr\/wp-json\/wp\/v2\/media?parent=201"}],"curies":[{"name":"wp","href":"https:\/\/api.w.org\/{rel}","templated":true}]}}